{"id":3914,"date":"2025-02-20T12:15:10","date_gmt":"2025-02-20T12:15:10","guid":{"rendered":"https:\/\/flaxseed.eu\/?page_id=3914"},"modified":"2025-07-21T12:03:33","modified_gmt":"2025-07-21T12:03:33","slug":"lancer-anonymement-une-alerte-ou-une-demande","status":"publish","type":"page","link":"https:\/\/flaxseed.eu\/fr\/lancer-anonymement-une-alerte-ou-une-demande\/","title":{"rendered":"Lancer anonymement une alerte ou une demande"},"content":{"rendered":"<div class=\"wpb-content-wrapper\"><p>[vc_row full_width=\u00a0\u00bbstretch_row_content\u00a0\u00bb css=\u00a0\u00bb.vc_custom_1645004474305{border-bottom-width: 500px !important;background-image: url(https:\/\/flaxseed.eu\/wp-content\/uploads\/2022\/02\/header_contact.jpg?id=3649) !important;background-position: center !important;background-repeat: no-repeat !important;background-size: cover !important;}\u00a0\u00bb][vc_column]<div id=\"la_divider69f3b5b8a488d\" class=\"js-el la-divider la-unit-responsive\" data-la_component=\"UnitResponsive\"  data-el_target='#la_divider69f3b5b8a488d'  data-el_media_sizes='{&quot;padding-top&quot;:&quot;lg:300px;&quot;}' ><\/div>\n[\/vc_column][\/vc_row][vc_row][vc_column width=\u00a0\u00bb1\/2&Prime; offset=\u00a0\u00bbvc_col-lg-offset-1&Prime;]<div id=\"la_heading_69f3b5b8a4bdb\" class=\"la-headings text-left\"><h2 class=\"js-el heading-tag la-unit-responsive\" style=\"\" >Lancer anonymement une alerte ou une demande<\/h2><\/div>\n\n<div class=\"wpcf7 no-js\" id=\"wpcf7-f3942-o1\" lang=\"fr-FR\" dir=\"ltr\" data-wpcf7-id=\"3942\">\n<div class=\"screen-reader-response\"><p role=\"status\" aria-live=\"polite\" aria-atomic=\"true\"><\/p> <ul><\/ul><\/div>\n<form action=\"\/fr\/wp-json\/wp\/v2\/pages\/3914#wpcf7-f3942-o1\" method=\"post\" class=\"wpcf7-form init\" aria-label=\"Formulaire de contact\" enctype=\"multipart\/form-data\" novalidate=\"novalidate\" data-status=\"init\">\n<fieldset class=\"hidden-fields-container\"><input type=\"hidden\" name=\"_wpcf7\" value=\"3942\" \/><input type=\"hidden\" name=\"_wpcf7_version\" value=\"6.1.5\" \/><input type=\"hidden\" name=\"_wpcf7_locale\" value=\"fr_FR\" \/><input type=\"hidden\" name=\"_wpcf7_unit_tag\" value=\"wpcf7-f3942-o1\" \/><input type=\"hidden\" name=\"_wpcf7_container_post\" value=\"0\" \/><input type=\"hidden\" name=\"_wpcf7_posted_data_hash\" value=\"\" \/><input type=\"hidden\" name=\"_wpcf7cf_hidden_group_fields\" value=\"[]\" \/><input type=\"hidden\" name=\"_wpcf7cf_hidden_groups\" value=\"[]\" \/><input type=\"hidden\" name=\"_wpcf7cf_visible_groups\" value=\"[]\" \/><input type=\"hidden\" name=\"_wpcf7cf_repeaters\" value=\"[]\" \/><input type=\"hidden\" name=\"_wpcf7cf_steps\" value=\"{}\" \/><input type=\"hidden\" name=\"_wpcf7cf_options\" value=\"{&quot;form_id&quot;:3942,&quot;conditions&quot;:[{&quot;then_field&quot;:&quot;details&quot;,&quot;and_rules&quot;:[{&quot;if_field&quot;:&quot;name-request&quot;,&quot;operator&quot;:&quot;equals&quot;,&quot;if_value&quot;:&quot;Oui&quot;}]}],&quot;settings&quot;:{&quot;animation&quot;:&quot;yes&quot;,&quot;animation_intime&quot;:200,&quot;animation_outtime&quot;:200,&quot;conditions_ui&quot;:&quot;normal&quot;,&quot;notice_dismissed&quot;:false,&quot;notice_dismissed_rollback-cf7-6.0.4&quot;:true}}\" \/><input type=\"hidden\" name=\"_wpcf7_recaptcha_response\" value=\"\" \/>\n<\/fieldset>\n<div class=\"cf7-style-default\">\n\t<div class=\"row\">\n\t\t<div class=\"col-xs-12\">\n\t\t\t<p><strong>Ceci est une *<\/strong><br \/>\n<span class=\"wpcf7-form-control-wrap\" data-name=\"hint-request\"><span class=\"wpcf7-form-control wpcf7-radio\"><span class=\"wpcf7-list-item first\"><label><input type=\"radio\" name=\"hint-request\" value=\"Alerte\" \/><span class=\"wpcf7-list-item-label\">Alerte<\/span><\/label><\/span><span class=\"wpcf7-list-item last\"><label><input type=\"radio\" name=\"hint-request\" value=\"Demande\" \/><span class=\"wpcf7-list-item-label\">Demande<\/span><\/label><\/span><\/span><\/span>\n\t\t\t<\/p>\n\t\t<\/div>\n\t<\/div>\n\t<div class=\"row\">\n\t\t<div class=\"col-xs-12\">\n\t\t\t<p><strong>Sujet *<\/strong><br \/>\n<span class=\"wpcf7-form-control-wrap\" data-name=\"subjectdropdown\"><select class=\"wpcf7-form-control wpcf7-select\" aria-invalid=\"false\" name=\"subjectdropdown\"><option value=\"\">----choisissez svp---<\/option><option value=\"Garantie de la sant\u00e9 et s\u00e9curit\u00e9 au travail\">Garantie de la sant\u00e9 et s\u00e9curit\u00e9 au travail<\/option><option value=\"Fraude\">Fraude<\/option><option value=\"Protection des donn\u00e9es\">Protection des donn\u00e9es<\/option><option value=\"Vol et d\u00e9tournement de fonds\">Vol et d\u00e9tournement de fonds<\/option><option value=\"Discrimination\">Discrimination<\/option><option value=\"Contr\u00f4le des exportations, embargos et sanctions \u00e9conomiques\">Contr\u00f4le des exportations, embargos et sanctions \u00e9conomiques<\/option><option value=\"Leadership\/ comportement manag\u00e9rial\">Leadership\/ comportement manag\u00e9rial<\/option><option value=\"Blanchiment d\u2019argent et financement du terrorisme\">Blanchiment d\u2019argent et financement du terrorisme<\/option><option value=\"Secrets d\u2019entreprise\">Secrets d\u2019entreprise<\/option><option value=\"Cadeaux et invitations\">Cadeaux et invitations<\/option><option value=\"Inclusion et diversit\u00e9\">Inclusion et diversit\u00e9<\/option><option value=\"Conflit d\u2019int\u00e9r\u00eats\">Conflit d\u2019int\u00e9r\u00eats<\/option><option value=\"Entente\">Entente<\/option><option value=\"Corruption\">Corruption<\/option><option value=\"Droits de l\u2019homme\">Droits de l\u2019homme<\/option><option value=\"Mobbing\/ Harc\u00e8lement\">Mobbing\/ Harc\u00e8lement<\/option><option value=\"Lacunes en mati\u00e8re de s\u00e9curit\u00e9\">Lacunes en mati\u00e8re de s\u00e9curit\u00e9<\/option><option value=\"Divers\">Divers<\/option><\/select><\/span>\n\t\t\t<\/p>\n\t\t<\/div>\n\t<\/div>\n\t<div class=\"row\">\n\t\t<div class=\"col-xs-12\">\n\t\t\t<p><strong>Entretien personnel souhait\u00e9?<\/strong><br \/>\n<span class=\"wpcf7-form-control-wrap\" data-name=\"meeting-request\"><span class=\"wpcf7-form-control wpcf7-radio\"><span class=\"wpcf7-list-item first\"><label><input type=\"radio\" name=\"meeting-request\" value=\"Oui\" \/><span class=\"wpcf7-list-item-label\">Oui<\/span><\/label><\/span><span class=\"wpcf7-list-item last\"><label><input type=\"radio\" name=\"meeting-request\" value=\"Non\" checked=\"checked\" \/><span class=\"wpcf7-list-item-label\">Non<\/span><\/label><\/span><\/span><\/span>\n\t\t\t<\/p>\n\t\t<\/div>\n\t<\/div>\n\t<div class=\"row\">\n\t\t<div class=\"col-xs-12\">\n\t\t\t<p><strong>Souhaitez-vous pr\u00e9ciser votre nom ?<\/strong><span class=\"wpcf7-form-control-wrap\" data-name=\"name-request\"><span class=\"wpcf7-form-control wpcf7-radio\"><span class=\"wpcf7-list-item first\"><label><input type=\"radio\" name=\"name-request\" value=\"Oui\" \/><span class=\"wpcf7-list-item-label\">Oui<\/span><\/label><\/span><span class=\"wpcf7-list-item last\"><label><input type=\"radio\" name=\"name-request\" value=\"Non\" checked=\"checked\" \/><span class=\"wpcf7-list-item-label\">Non<\/span><\/label><\/span><\/span><\/span>\n\t\t\t<\/p>\n\t\t<\/div>\n\t<\/div>\n\t<div data-id=\"details\" data-orig_data_id=\"details\" data-clear_on_hide class=\"\" data-class=\"wpcf7cf_group\">\n\t\t<div class=\"row\">\n\t\t\t<div class=\"col-xs-12\">\n\t\t\t\t<p><span class=\"wpcf7-form-control-wrap\" data-name=\"your-name\"><input size=\"40\" maxlength=\"400\" class=\"wpcf7-form-control wpcf7-text\" aria-invalid=\"false\" placeholder=\"Votre nom\" value=\"\" type=\"text\" name=\"your-name\" \/><\/span>\n\t\t\t\t<\/p>\n\t\t\t<\/div>\n\t\t<\/div>\n\t\t<div class=\"row\">\n\t\t\t<div class=\"col-xs-12\">\n\t\t\t\t<p><span class=\"wpcf7-form-control-wrap\" data-name=\"your-email\"><input size=\"40\" maxlength=\"400\" class=\"wpcf7-form-control wpcf7-email wpcf7-text wpcf7-validates-as-email\" aria-invalid=\"false\" placeholder=\"Votre adresse e-mail\" value=\"\" type=\"email\" name=\"your-email\" \/><\/span>\n\t\t\t\t<\/p>\n\t\t\t<\/div>\n\t\t<\/div>\n\t\t<div class=\"row\">\n\t\t\t<div class=\"col-xs-12\">\n\t\t\t\t<p><span class=\"wpcf7-form-control-wrap\" data-name=\"your-phone\"><input size=\"40\" maxlength=\"400\" class=\"wpcf7-form-control wpcf7-text\" aria-invalid=\"false\" placeholder=\"Votre num\u00e9ro de t\u00e9l\u00e9phone\" value=\"\" type=\"text\" name=\"your-phone\" \/><\/span>\n\t\t\t\t<\/p>\n\t\t\t<\/div>\n\t\t<\/div>\n\t\t<div class=\"row\">\n\t\t\t<div class=\"col-xs-12\">\n\t\t\t\t<p><span class=\"wpcf7-form-control-wrap\" data-name=\"your-company\"><input size=\"40\" maxlength=\"400\" class=\"wpcf7-form-control wpcf7-text\" aria-invalid=\"false\" placeholder=\"Entreprise\" value=\"\" type=\"text\" name=\"your-company\" \/><\/span>\n\t\t\t\t<\/p>\n\t\t\t<\/div>\n\t\t<\/div>\n\t<\/div>\n\t<div class=\"row\">\n\t\t<div class=\"col-xs-12\">\n\t\t\t<p><strong>Quoi? (details de l\u2019affaire) *<\/strong><br \/>\n<span class=\"wpcf7-form-control-wrap\" data-name=\"whatfacts\"><textarea cols=\"40\" rows=\"5\" maxlength=\"2000\" class=\"wpcf7-form-control wpcf7-textarea wpcf7-validates-as-required\" aria-required=\"true\" aria-invalid=\"false\" placeholder=\"Message\" name=\"whatfacts\"><\/textarea><\/span>\n\t\t\t<\/p>\n\t\t<\/div>\n\t<\/div>\n\t<div class=\"row\">\n\t\t<div class=\"col-xs-12\">\n\t\t\t<p><strong>Quand et o\u00f9 cela s\u2019est-il produit ? (Heure\/ dur\u00e9e et ville\/ lieu)<\/strong><br \/>\n<span class=\"wpcf7-form-control-wrap\" data-name=\"whenwhere\"><textarea cols=\"40\" rows=\"5\" maxlength=\"2000\" class=\"wpcf7-form-control wpcf7-textarea wpcf7-validates-as-required\" aria-required=\"true\" aria-invalid=\"false\" placeholder=\"Message\" name=\"whenwhere\"><\/textarea><\/span>\n\t\t\t<\/p>\n\t\t<\/div>\n\t<\/div>\n\t<div class=\"row\">\n\t\t<div class=\"col-xs-12\">\n\t\t\t<p><strong>Qui est concern\u00e9? (D\u00e9partement, organisation, personnes concern\u00e9es)<\/strong><br \/>\n<span class=\"wpcf7-form-control-wrap\" data-name=\"whoaffected\"><textarea cols=\"40\" rows=\"5\" maxlength=\"2000\" class=\"wpcf7-form-control wpcf7-textarea wpcf7-validates-as-required\" aria-required=\"true\" aria-invalid=\"false\" placeholder=\"Message\" name=\"whoaffected\"><\/textarea><\/span>\n\t\t\t<\/p>\n\t\t<\/div>\n\t<\/div>\n\t<div class=\"row\">\n\t\t<div class=\"col-xs-12\">\n\t\t\t<p><strong>Les faits observes peuvent-ils \u00eatre prouv\u00e9s par d\u2019autres \u00e9l\u00e9ments objectives ?<\/strong><br \/>\n<span class=\"wpcf7-form-control-wrap\" data-name=\"provenfacts\"><textarea cols=\"40\" rows=\"5\" maxlength=\"2000\" class=\"wpcf7-form-control wpcf7-textarea wpcf7-validates-as-required\" aria-required=\"true\" aria-invalid=\"false\" placeholder=\"Message\" name=\"provenfacts\"><\/textarea><\/span>\n\t\t\t<\/p>\n\t\t<\/div>\n\t<\/div>\n\t<div class=\"row\">\n\t\t<div class=\"col-xs-12\">\n\t\t\t<p><strong>Joindre des fichiers (JPG, PNG, PDF only)<\/strong><br \/>\n<span class=\"wpcf7-form-control-wrap\" data-name=\"fileupload\"><input size=\"40\" class=\"wpcf7-form-control wpcf7-file\" accept=\"audio\/*,video\/*,image\/*,.pdf\" aria-invalid=\"false\" type=\"file\" name=\"fileupload\" \/><\/span>\n\t\t\t<\/p>\n\t\t<\/div>\n\t<\/div>\n\t<div class=\"row\">\n\t\t<div class=\"col-xs-12\">\n\t\t\t<p><input class=\"wpcf7-form-control wpcf7-submit has-spinner btn btn-style-flat btn-color-black btn-shape-round\" type=\"submit\" value=\"Envoyer le message\" \/>\n\t\t\t<\/p>\n\t\t<\/div>\n\t<\/div>\n<\/div><div class=\"wpcf7-response-output\" aria-hidden=\"true\"><\/div>\n<\/form>\n<\/div>\n[\/vc_column][vc_column width=\u00a0\u00bb1\/2&Prime; offset=\u00a0\u00bbvc_col-lg-offset-1 vc_col-lg-4&Prime;]<div id=\"la_heading_69f3b5b8a7610\" class=\"la-headings text-left\"><h2 class=\"js-el heading-tag la-unit-responsive\" style=\"\" >Contact info<\/h2><\/div>\n<div id=\"la_divider69f3b5b8a774a\" class=\"js-el la-divider la-unit-responsive\" data-la_component=\"UnitResponsive\"  data-el_target='#la_divider69f3b5b8a774a'  data-el_media_sizes='{&quot;padding-top&quot;:&quot;lg:5px;&quot;}' ><\/div>\n<div id=\"la_heading_69f3b5b8a7904\" class=\"la-headings text-left\"><h3 class=\"js-el heading-tag la-unit-responsive\" style=\"\"  data-la_component=\"UnitResponsive\"  data-el_target='#la_heading_69f3b5b8a7904 .heading-tag'  data-el_media_sizes='{&quot;font-size&quot;:&quot;lg:14px;&quot;,&quot;line-height&quot;:&quot;lg:18px;&quot;}' >Adresse postale<\/h3><div class=\"js-el subheading-tag la-unit-responsive\" style=\"\" ><p class=\"p1\">Rue de la For\u00eat 3<br \/>\nZone Tournai Ouest 2<br \/>\nB-7522 Tournai (Blandain)<\/p>\n<p class=\"p1\">+32.69 66 93 50<br \/>\n+32.69 66 96 59<br \/>\noffice@flaxseed.be<\/p>\n<\/div><\/div>\n<div id=\"la_divider69f3b5b8a7a7f\" class=\"js-el la-divider la-unit-responsive\" data-la_component=\"UnitResponsive\"  data-el_target='#la_divider69f3b5b8a7a7f'  data-el_media_sizes='{&quot;padding-top&quot;:&quot;lg:25px;&quot;}' ><\/div>\n<div id=\"la_divider69f3b5b8a7b30\" class=\"js-el la-divider la-unit-responsive\" data-la_component=\"UnitResponsive\"  data-el_target='#la_divider69f3b5b8a7b30'  data-el_media_sizes='{&quot;padding-top&quot;:&quot;lg:25px;&quot;}' ><\/div>\n<span class=\"social-media-link style-default font-size-20 text-color-secondary\"><a href=\"https:\/\/www.linkedin.com\/company\/flaxseed-trading-s-a\/\" class=\"linkedin\" title=\"LinkedIN\" target=\"_blank\" rel=\"nofollow\"><i class=\"fa fa-linkedin-square\"><\/i><\/a><a href=\"https:\/\/www.youtube.com\/channel\/UC2bBWRjjMuNG0w6q4mOSxxg\/\" class=\"youtube\" title=\"Youtube\" target=\"_blank\" rel=\"nofollow\"><i class=\"fa fa-youtube-play\"><\/i><\/a><a href=\"https:\/\/www.facebook.com\/flaxseedtrading\/\" class=\"facebook\" title=\"Facebook\" target=\"_blank\" rel=\"nofollow\"><i class=\"fa fa-facebook-square\"><\/i><\/a><\/span>[\/vc_column][\/vc_row][vc_row][vc_column]<div id=\"la_divider69f3b5b8a800e\" class=\"js-el la-divider la-unit-responsive\" data-la_component=\"UnitResponsive\"  data-el_target='#la_divider69f3b5b8a800e'  data-el_media_sizes='{&quot;padding-top&quot;:&quot;lg:70px;&quot;}' ><\/div>\n[\/vc_column][\/vc_row]<\/p>\n<\/div>","protected":false},"excerpt":{"rendered":"<p>[vc_row full_width=\u00a0\u00bbstretch_row_content\u00a0\u00bb css=\u00a0\u00bb.vc_custom_1645004474305{border-bottom-width: 500px !important;background-image: url(https:\/\/flaxseed.eu\/wp-content\/uploads\/2022\/02\/header_contact.jpg?id=3649) !important;background-position: center !important;background-repeat: no-repeat !important;background-size: cover !important;}\u00a0\u00bb][vc_column][\/vc_column][\/vc_row][vc_row][vc_column width=\u00a0\u00bb1\/2&Prime; offset=\u00a0\u00bbvc_col-lg-offset-1&Prime;][\/vc_column][vc_column width=\u00a0\u00bb1\/2&Prime; offset=\u00a0\u00bbvc_col-lg-offset-1 vc_col-lg-4&Prime;][\/vc_column][\/vc_row][vc_row][vc_column][\/vc_column][\/vc_row]<\/p>\n","protected":false},"author":1,"featured_media":0,"parent":0,"menu_order":0,"comment_status":"closed","ping_status":"closed","template":"","meta":{"inline_featured_image":false,"footnotes":""},"class_list":["post-3914","page","type-page","status-publish","hentry"],"yoast_head":"<!-- This site is optimized with the Yoast SEO plugin v26.8 - https:\/\/yoast.com\/product\/yoast-seo-wordpress\/ -->\n<title>Lancer anonymement une alerte ou une demande - FlaxSeed- Specialized in importing and exporting linseed<\/title>\n<meta name=\"description\" content=\"FlaxTrade est sp\u00e9cialis\u00e9e dans l&#039;importation et l&#039;exportation de graines de lin (graines de lin) pour tous types d&#039;applications telles que l&#039;alimentation humaine, l&#039;alimentation animale et l&#039;usage industriel.\" \/>\n<meta name=\"robots\" content=\"index, follow, max-snippet:-1, max-image-preview:large, max-video-preview:-1\" \/>\n<link rel=\"canonical\" href=\"https:\/\/flaxseed.eu\/fr\/lancer-anonymement-une-alerte-ou-une-demande\/\" \/>\n<meta property=\"og:locale\" content=\"fr_FR\" \/>\n<meta property=\"og:type\" content=\"article\" \/>\n<meta property=\"og:title\" content=\"Lancer anonymement une alerte ou une demande - FlaxSeed- Specialized in importing and exporting linseed\" \/>\n<meta property=\"og:description\" content=\"FlaxTrade est sp\u00e9cialis\u00e9e dans l&#039;importation et l&#039;exportation de graines de lin (graines de lin) pour tous types d&#039;applications telles que l&#039;alimentation humaine, l&#039;alimentation animale et l&#039;usage industriel.\" \/>\n<meta property=\"og:url\" content=\"https:\/\/flaxseed.eu\/fr\/lancer-anonymement-une-alerte-ou-une-demande\/\" \/>\n<meta property=\"og:site_name\" content=\"Flaxseed Trading\" \/>\n<meta property=\"article:modified_time\" content=\"2025-07-21T12:03:33+00:00\" \/>\n<meta name=\"twitter:card\" content=\"summary_large_image\" \/>\n<meta name=\"twitter:label1\" content=\"Dur\u00e9e de lecture estim\u00e9e\" \/>\n\t<meta name=\"twitter:data1\" content=\"1 minute\" \/>\n<script type=\"application\/ld+json\" class=\"yoast-schema-graph\">{\"@context\":\"https:\/\/schema.org\",\"@graph\":[{\"@type\":\"WebPage\",\"@id\":\"https:\/\/flaxseed.eu\/fr\/lancer-anonymement-une-alerte-ou-une-demande\/\",\"url\":\"https:\/\/flaxseed.eu\/fr\/lancer-anonymement-une-alerte-ou-une-demande\/\",\"name\":\"Lancer anonymement une alerte ou une demande - FlaxSeed- Specialized in importing and exporting linseed\",\"isPartOf\":{\"@id\":\"https:\/\/flaxseed.eu\/fr\/#website\"},\"datePublished\":\"2025-02-20T12:15:10+00:00\",\"dateModified\":\"2025-07-21T12:03:33+00:00\",\"description\":\"FlaxTrade est sp\u00e9cialis\u00e9e dans l'importation et l'exportation de graines de lin (graines de lin) pour tous types d'applications telles que l'alimentation humaine, l'alimentation animale et l'usage industriel.\",\"breadcrumb\":{\"@id\":\"https:\/\/flaxseed.eu\/fr\/lancer-anonymement-une-alerte-ou-une-demande\/#breadcrumb\"},\"inLanguage\":\"fr-FR\",\"potentialAction\":[{\"@type\":\"ReadAction\",\"target\":[\"https:\/\/flaxseed.eu\/fr\/lancer-anonymement-une-alerte-ou-une-demande\/\"]}]},{\"@type\":\"BreadcrumbList\",\"@id\":\"https:\/\/flaxseed.eu\/fr\/lancer-anonymement-une-alerte-ou-une-demande\/#breadcrumb\",\"itemListElement\":[{\"@type\":\"ListItem\",\"position\":1,\"name\":\"Home\",\"item\":\"https:\/\/flaxseed.eu\/fr\/\"},{\"@type\":\"ListItem\",\"position\":2,\"name\":\"Lancer anonymement une alerte ou une demande\"}]},{\"@type\":\"WebSite\",\"@id\":\"https:\/\/flaxseed.eu\/fr\/#website\",\"url\":\"https:\/\/flaxseed.eu\/fr\/\",\"name\":\"Flaxseed Trading\",\"description\":\":: Quality is what matters most!\",\"potentialAction\":[{\"@type\":\"SearchAction\",\"target\":{\"@type\":\"EntryPoint\",\"urlTemplate\":\"https:\/\/flaxseed.eu\/fr\/?s={search_term_string}\"},\"query-input\":{\"@type\":\"PropertyValueSpecification\",\"valueRequired\":true,\"valueName\":\"search_term_string\"}}],\"inLanguage\":\"fr-FR\"}]}<\/script>\n<!-- \/ Yoast SEO plugin. -->","yoast_head_json":{"title":"Lancer anonymement une alerte ou une demande - FlaxSeed- Specialized in importing and exporting linseed","description":"FlaxTrade est sp\u00e9cialis\u00e9e dans l'importation et l'exportation de graines de lin (graines de lin) pour tous types d'applications telles que l'alimentation humaine, l'alimentation animale et l'usage industriel.","robots":{"index":"index","follow":"follow","max-snippet":"max-snippet:-1","max-image-preview":"max-image-preview:large","max-video-preview":"max-video-preview:-1"},"canonical":"https:\/\/flaxseed.eu\/fr\/lancer-anonymement-une-alerte-ou-une-demande\/","og_locale":"fr_FR","og_type":"article","og_title":"Lancer anonymement une alerte ou une demande - FlaxSeed- Specialized in importing and exporting linseed","og_description":"FlaxTrade est sp\u00e9cialis\u00e9e dans l'importation et l'exportation de graines de lin (graines de lin) pour tous types d'applications telles que l'alimentation humaine, l'alimentation animale et l'usage industriel.","og_url":"https:\/\/flaxseed.eu\/fr\/lancer-anonymement-une-alerte-ou-une-demande\/","og_site_name":"Flaxseed Trading","article_modified_time":"2025-07-21T12:03:33+00:00","twitter_card":"summary_large_image","twitter_misc":{"Dur\u00e9e de lecture estim\u00e9e":"1 minute"},"schema":{"@context":"https:\/\/schema.org","@graph":[{"@type":"WebPage","@id":"https:\/\/flaxseed.eu\/fr\/lancer-anonymement-une-alerte-ou-une-demande\/","url":"https:\/\/flaxseed.eu\/fr\/lancer-anonymement-une-alerte-ou-une-demande\/","name":"Lancer anonymement une alerte ou une demande - FlaxSeed- Specialized in importing and exporting linseed","isPartOf":{"@id":"https:\/\/flaxseed.eu\/fr\/#website"},"datePublished":"2025-02-20T12:15:10+00:00","dateModified":"2025-07-21T12:03:33+00:00","description":"FlaxTrade est sp\u00e9cialis\u00e9e dans l'importation et l'exportation de graines de lin (graines de lin) pour tous types d'applications telles que l'alimentation humaine, l'alimentation animale et l'usage industriel.","breadcrumb":{"@id":"https:\/\/flaxseed.eu\/fr\/lancer-anonymement-une-alerte-ou-une-demande\/#breadcrumb"},"inLanguage":"fr-FR","potentialAction":[{"@type":"ReadAction","target":["https:\/\/flaxseed.eu\/fr\/lancer-anonymement-une-alerte-ou-une-demande\/"]}]},{"@type":"BreadcrumbList","@id":"https:\/\/flaxseed.eu\/fr\/lancer-anonymement-une-alerte-ou-une-demande\/#breadcrumb","itemListElement":[{"@type":"ListItem","position":1,"name":"Home","item":"https:\/\/flaxseed.eu\/fr\/"},{"@type":"ListItem","position":2,"name":"Lancer anonymement une alerte ou une demande"}]},{"@type":"WebSite","@id":"https:\/\/flaxseed.eu\/fr\/#website","url":"https:\/\/flaxseed.eu\/fr\/","name":"Flaxseed Trading","description":":: Quality is what matters most!","potentialAction":[{"@type":"SearchAction","target":{"@type":"EntryPoint","urlTemplate":"https:\/\/flaxseed.eu\/fr\/?s={search_term_string}"},"query-input":{"@type":"PropertyValueSpecification","valueRequired":true,"valueName":"search_term_string"}}],"inLanguage":"fr-FR"}]}},"_links":{"self":[{"href":"https:\/\/flaxseed.eu\/fr\/wp-json\/wp\/v2\/pages\/3914","targetHints":{"allow":["GET"]}}],"collection":[{"href":"https:\/\/flaxseed.eu\/fr\/wp-json\/wp\/v2\/pages"}],"about":[{"href":"https:\/\/flaxseed.eu\/fr\/wp-json\/wp\/v2\/types\/page"}],"author":[{"embeddable":true,"href":"https:\/\/flaxseed.eu\/fr\/wp-json\/wp\/v2\/users\/1"}],"replies":[{"embeddable":true,"href":"https:\/\/flaxseed.eu\/fr\/wp-json\/wp\/v2\/comments?post=3914"}],"version-history":[{"count":8,"href":"https:\/\/flaxseed.eu\/fr\/wp-json\/wp\/v2\/pages\/3914\/revisions"}],"predecessor-version":[{"id":3943,"href":"https:\/\/flaxseed.eu\/fr\/wp-json\/wp\/v2\/pages\/3914\/revisions\/3943"}],"wp:attachment":[{"href":"https:\/\/flaxseed.eu\/fr\/wp-json\/wp\/v2\/media?parent=3914"}],"curies":[{"name":"wp","href":"https:\/\/api.w.org\/{rel}","templated":true}]}}